{"id":7120,"date":"2023-11-15T17:12:31","date_gmt":"2023-11-15T16:12:31","guid":{"rendered":"https:\/\/hotelalcantara.be\/?page_id=7120"},"modified":"2024-07-01T10:56:08","modified_gmt":"2024-07-01T08:56:08","slug":"contact-acces","status":"publish","type":"page","link":"https:\/\/hotelalcantara.be\/en\/contact-acces\/","title":{"rendered":"Contact &amp; Access"},"content":{"rendered":"<div data-elementor-type=\"wp-page\" data-elementor-id=\"7120\" class=\"elementor elementor-7120\">\n\t\t\t\t\t\t<section class=\"elementor-section elementor-top-section elementor-element elementor-element-df26b5c elementor-section-stretched elementor-section-content-middle elementor-section-boxed elementor-section-height-default elementor-section-height-default\" data-id=\"df26b5c\" data-element_type=\"section\" data-e-type=\"section\" data-settings=\"{&quot;stretch_section&quot;:&quot;section-stretched&quot;,&quot;background_background&quot;:&quot;classic&quot;}\">\n\t\t\t\t\t\t\t<div class=\"elementor-background-overlay\"><\/div>\n\t\t\t\t\t\t\t<div class=\"elementor-container elementor-column-gap-default\">\n\t\t\t\t\t<div class=\"elementor-column elementor-col-100 elementor-top-column elementor-element elementor-element-20558a88\" data-id=\"20558a88\" data-element_type=\"column\" data-e-type=\"column\" data-settings=\"{&quot;background_background&quot;:&quot;classic&quot;}\">\n\t\t\t<div class=\"elementor-widget-wrap\">\n\t\t\t\t\t\t\t<\/div>\n\t\t<\/div>\n\t\t\t\t\t<\/div>\n\t\t<\/section>\n\t\t\t\t<section class=\"elementor-section elementor-top-section elementor-element elementor-element-8fb49e1 elementor-section-content-middle elementor-section-stretched elementor-section-boxed elementor-section-height-default elementor-section-height-default\" data-id=\"8fb49e1\" data-element_type=\"section\" data-e-type=\"section\" data-settings=\"{&quot;stretch_section&quot;:&quot;section-stretched&quot;,&quot;background_background&quot;:&quot;classic&quot;}\">\n\t\t\t\t\t\t\t<div class=\"elementor-background-overlay\"><\/div>\n\t\t\t\t\t\t\t<div class=\"elementor-container elementor-column-gap-default\">\n\t\t\t\t\t<div class=\"elementor-column elementor-col-100 elementor-top-column elementor-element elementor-element-d76b9de\" data-id=\"d76b9de\" data-element_type=\"column\" data-e-type=\"column\">\n\t\t\t<div class=\"elementor-widget-wrap elementor-element-populated\">\n\t\t\t\t\t\t<div class=\"elementor-element elementor-element-c875852 elementor-widget elementor-widget-heading\" data-id=\"c875852\" data-element_type=\"widget\" data-e-type=\"widget\" data-widget_type=\"heading.default\">\n\t\t\t\t<div class=\"elementor-widget-container\">\n\t\t\t\t\t<h5 class=\"elementor-heading-title elementor-size-default\">We offer you a unique hotel in the heart of the city.\n<\/h5>\t\t\t\t<\/div>\n\t\t\t\t<\/div>\n\t\t\t\t<div class=\"elementor-element elementor-element-299f646 elementor-widget elementor-widget-heading\" data-id=\"299f646\" data-element_type=\"widget\" data-e-type=\"widget\" data-widget_type=\"heading.default\">\n\t\t\t\t<div class=\"elementor-widget-container\">\n\t\t\t\t\t<h1 class=\"elementor-heading-title elementor-size-default\">Contact &amp; Acc\u00e8s<\/h1>\t\t\t\t<\/div>\n\t\t\t\t<\/div>\n\t\t\t\t\t<\/div>\n\t\t<\/div>\n\t\t\t\t\t<\/div>\n\t\t<\/section>\n\t\t\t\t<section class=\"elementor-section elementor-top-section elementor-element elementor-element-2bfe03a5 elementor-section-stretched elementor-section-boxed elementor-section-height-default elementor-section-height-default\" data-id=\"2bfe03a5\" data-element_type=\"section\" data-e-type=\"section\" data-settings=\"{&quot;stretch_section&quot;:&quot;section-stretched&quot;,&quot;background_background&quot;:&quot;classic&quot;}\">\n\t\t\t\t\t\t\t<div class=\"elementor-background-overlay\"><\/div>\n\t\t\t\t\t\t\t<div class=\"elementor-container elementor-column-gap-default\">\n\t\t\t\t\t<div class=\"elementor-column elementor-col-50 elementor-top-column elementor-element elementor-element-623633c1\" data-id=\"623633c1\" data-element_type=\"column\" data-e-type=\"column\">\n\t\t\t<div class=\"elementor-widget-wrap elementor-element-populated\">\n\t\t\t\t\t\t<div class=\"elementor-element elementor-element-130d9797 elementor-widget elementor-widget-heading\" data-id=\"130d9797\" data-element_type=\"widget\" data-e-type=\"widget\" data-widget_type=\"heading.default\">\n\t\t\t\t<div class=\"elementor-widget-container\">\n\t\t\t\t\t<h5 class=\"elementor-heading-title elementor-size-default\">Hotel d'Alcantara<\/h5>\t\t\t\t<\/div>\n\t\t\t\t<\/div>\n\t\t\t\t<div class=\"elementor-element elementor-element-447b8ecf elementor-widget elementor-widget-heading\" data-id=\"447b8ecf\" data-element_type=\"widget\" data-e-type=\"widget\" data-widget_type=\"heading.default\">\n\t\t\t\t<div class=\"elementor-widget-container\">\n\t\t\t\t\t<h1 class=\"elementor-heading-title elementor-size-default\">Contact us<\/h1>\t\t\t\t<\/div>\n\t\t\t\t<\/div>\n\t\t\t\t<div class=\"elementor-element elementor-element-33929804 elementor-widget elementor-widget-heading\" data-id=\"33929804\" data-element_type=\"widget\" data-e-type=\"widget\" data-widget_type=\"heading.default\">\n\t\t\t\t<div class=\"elementor-widget-container\">\n\t\t\t\t\t<p class=\"elementor-heading-title elementor-size-default\">If you have any questions or specific requests, please send us a message<\/p>\t\t\t\t<\/div>\n\t\t\t\t<\/div>\n\t\t\t\t<div class=\"elementor-element elementor-element-c6a25fa elementor-widget elementor-widget-cf7\" data-id=\"c6a25fa\" data-element_type=\"widget\" data-e-type=\"widget\" data-widget_type=\"cf7.default\">\n\t\t\t\t<div class=\"elementor-widget-container\">\n\t\t\t\t\t\n\t\t<div class=\"nd_elements_cf7_component\">\n\t\t\t\n<div class=\"wpcf7 no-js\" id=\"wpcf7-f489-o1\" lang=\"en-US\" dir=\"ltr\" data-wpcf7-id=\"489\">\n<div class=\"screen-reader-response\"><p role=\"status\" aria-live=\"polite\" aria-atomic=\"true\"><\/p> <ul><\/ul><\/div>\n<form action=\"\/en\/wp-json\/wp\/v2\/pages\/7120#wpcf7-f489-o1\" method=\"post\" class=\"wpcf7-form init\" aria-label=\"Contact form\" novalidate=\"novalidate\" data-status=\"init\" data-trp-original-action=\"\/en\/wp-json\/wp\/v2\/pages\/7120#wpcf7-f489-o1\">\n<fieldset class=\"hidden-fields-container\"><input type=\"hidden\" name=\"_wpcf7\" value=\"489\" \/><input type=\"hidden\" name=\"_wpcf7_version\" value=\"6.1.5\" \/><input type=\"hidden\" name=\"_wpcf7_locale\" value=\"en_US\" \/><input type=\"hidden\" name=\"_wpcf7_unit_tag\" value=\"wpcf7-f489-o1\" \/><input type=\"hidden\" name=\"_wpcf7_container_post\" value=\"0\" \/><input type=\"hidden\" name=\"_wpcf7_posted_data_hash\" value=\"\" \/><input type=\"hidden\" name=\"_wpcf7_recaptcha_response\" value=\"\" \/>\n<\/fieldset>\n<p><span class=\"wpcf7-form-control-wrap\" data-name=\"name-tx\"><input size=\"40\" maxlength=\"400\" class=\"wpcf7-form-control wpcf7-text\" aria-invalid=\"false\" placeholder=\"Name\" value=\"\" type=\"text\" name=\"name-tx\" \/><\/span><br \/>\n<span class=\"wpcf7-form-control-wrap\" data-name=\"email-634\"><input size=\"40\" maxlength=\"400\" class=\"wpcf7-form-control wpcf7-email wpcf7-text wpcf7-validates-as-email\" aria-invalid=\"false\" value=\"Email\" type=\"email\" name=\"email-634\" \/><\/span><br \/>\n<span class=\"wpcf7-form-control-wrap\" data-name=\"tel-634\"><input size=\"40\" maxlength=\"400\" class=\"wpcf7-form-control wpcf7-tel wpcf7-text wpcf7-validates-as-tel\" aria-invalid=\"false\" value=\"T\u00e9l\u00e9phone\" type=\"tel\" name=\"tel-634\" \/><\/span><br \/>\n<span class=\"wpcf7-form-control-wrap\" data-name=\"textarea-120\"><textarea cols=\"40\" rows=\"8\" maxlength=\"2000\" class=\"wpcf7-form-control wpcf7-textarea\" aria-invalid=\"false\" placeholder=\"Message\" name=\"textarea-120\"><\/textarea><\/span><br \/>\n<input class=\"wpcf7-form-control wpcf7-submit has-spinner\" type=\"submit\" value=\"Send\" \/>\n<\/p><div class=\"wpcf7-response-output\" aria-hidden=\"true\"><\/div>\n<input type=\"hidden\" name=\"trp-form-language\" value=\"en\"\/><\/form>\n<\/div>\n\n\t\t<\/div>\t\t\t\t<\/div>\n\t\t\t\t<\/div>\n\t\t\t\t\t<\/div>\n\t\t<\/div>\n\t\t\t\t<div class=\"elementor-column elementor-col-50 elementor-top-column elementor-element elementor-element-7daa58be\" data-id=\"7daa58be\" data-element_type=\"column\" data-e-type=\"column\" data-settings=\"{&quot;background_background&quot;:&quot;classic&quot;}\">\n\t\t\t<div class=\"elementor-widget-wrap elementor-element-populated\">\n\t\t\t\t\t\t<div class=\"elementor-element elementor-element-7caf7cd2 elementor-widget elementor-widget-google_maps\" data-id=\"7caf7cd2\" data-element_type=\"widget\" data-e-type=\"widget\" data-widget_type=\"google_maps.default\">\n\t\t\t\t<div class=\"elementor-widget-container\">\n\t\t\t\t\t\t\t<div class=\"elementor-custom-embed\">\n\t\t\t<iframe loading=\"lazy\"\n\t\t\t\t\tsrc=\"https:\/\/maps.google.com\/maps?q=Rue%20des%20Bouchers%20Saint-Jacques%202%2C%207500%20Tournai&#038;t=m&#038;z=15&#038;output=embed&#038;iwloc=near\"\n\t\t\t\t\ttitle=\"Rue des Bouchers Saint-Jacques 2, 7500 Tournai\"\n\t\t\t\t\taria-label=\"Rue des Bouchers Saint-Jacques 2, 7500 Tournai\"\n\t\t\t><\/iframe>\n\t\t<\/div>\n\t\t\t\t\t\t<\/div>\n\t\t\t\t<\/div>\n\t\t\t\t<section class=\"elementor-section elementor-inner-section elementor-element elementor-element-31b3764 elementor-section-boxed elementor-section-height-default elementor-section-height-default\" data-id=\"31b3764\" data-element_type=\"section\" data-e-type=\"section\">\n\t\t\t\t\t\t<div class=\"elementor-container elementor-column-gap-default\">\n\t\t\t\t\t<div class=\"elementor-column elementor-col-50 elementor-inner-column elementor-element elementor-element-3ff8c07f\" data-id=\"3ff8c07f\" data-element_type=\"column\" data-e-type=\"column\">\n\t\t\t<div class=\"elementor-widget-wrap elementor-element-populated\">\n\t\t\t\t\t\t<div class=\"elementor-element elementor-element-24591c48 elementor-widget__width-initial elementor-widget elementor-widget-heading\" data-id=\"24591c48\" data-element_type=\"widget\" data-e-type=\"widget\" data-widget_type=\"heading.default\">\n\t\t\t\t<div class=\"elementor-widget-container\">\n\t\t\t\t\t<p class=\"elementor-heading-title elementor-size-default\">Adress :<\/p>\t\t\t\t<\/div>\n\t\t\t\t<\/div>\n\t\t\t\t\t<\/div>\n\t\t<\/div>\n\t\t\t\t<div class=\"elementor-column elementor-col-50 elementor-inner-column elementor-element elementor-element-5758924c\" data-id=\"5758924c\" data-element_type=\"column\" data-e-type=\"column\">\n\t\t\t<div class=\"elementor-widget-wrap elementor-element-populated\">\n\t\t\t\t\t\t<div class=\"elementor-element elementor-element-6b6e809 elementor-widget__width-initial elementor-widget elementor-widget-heading\" data-id=\"6b6e809\" data-element_type=\"widget\" data-e-type=\"widget\" data-widget_type=\"heading.default\">\n\t\t\t\t<div class=\"elementor-widget-container\">\n\t\t\t\t\t<p class=\"elementor-heading-title elementor-size-default\">Rue des Bouchers Saint-Jacques 2, <br>7500 Tournai<\/p>\t\t\t\t<\/div>\n\t\t\t\t<\/div>\n\t\t\t\t\t<\/div>\n\t\t<\/div>\n\t\t\t\t\t<\/div>\n\t\t<\/section>\n\t\t\t\t<section class=\"elementor-section elementor-inner-section elementor-element elementor-element-d0632cd elementor-section-boxed elementor-section-height-default elementor-section-height-default\" data-id=\"d0632cd\" data-element_type=\"section\" data-e-type=\"section\">\n\t\t\t\t\t\t<div class=\"elementor-container elementor-column-gap-default\">\n\t\t\t\t\t<div class=\"elementor-column elementor-col-50 elementor-inner-column elementor-element elementor-element-57782fa\" data-id=\"57782fa\" data-element_type=\"column\" data-e-type=\"column\">\n\t\t\t<div class=\"elementor-widget-wrap elementor-element-populated\">\n\t\t\t\t\t\t<div class=\"elementor-element elementor-element-4d6c9b9 elementor-widget__width-initial elementor-widget elementor-widget-heading\" data-id=\"4d6c9b9\" data-element_type=\"widget\" data-e-type=\"widget\" data-widget_type=\"heading.default\">\n\t\t\t\t<div class=\"elementor-widget-container\">\n\t\t\t\t\t<p class=\"elementor-heading-title elementor-size-default\">PHONE :<\/p>\t\t\t\t<\/div>\n\t\t\t\t<\/div>\n\t\t\t\t\t<\/div>\n\t\t<\/div>\n\t\t\t\t<div class=\"elementor-column elementor-col-50 elementor-inner-column elementor-element elementor-element-5ebbea8\" data-id=\"5ebbea8\" data-element_type=\"column\" data-e-type=\"column\">\n\t\t\t<div class=\"elementor-widget-wrap elementor-element-populated\">\n\t\t\t\t\t\t<div class=\"elementor-element elementor-element-9474350 elementor-widget__width-initial elementor-widget elementor-widget-heading\" data-id=\"9474350\" data-element_type=\"widget\" data-e-type=\"widget\" data-widget_type=\"heading.default\">\n\t\t\t\t<div class=\"elementor-widget-container\">\n\t\t\t\t\t<p class=\"elementor-heading-title elementor-size-default\">+32(0)69.21.26.48<\/p>\t\t\t\t<\/div>\n\t\t\t\t<\/div>\n\t\t\t\t\t<\/div>\n\t\t<\/div>\n\t\t\t\t\t<\/div>\n\t\t<\/section>\n\t\t\t\t<section class=\"elementor-section elementor-inner-section elementor-element elementor-element-2a16a3f elementor-section-boxed elementor-section-height-default elementor-section-height-default\" data-id=\"2a16a3f\" data-element_type=\"section\" data-e-type=\"section\">\n\t\t\t\t\t\t<div class=\"elementor-container elementor-column-gap-default\">\n\t\t\t\t\t<div class=\"elementor-column elementor-col-50 elementor-inner-column elementor-element elementor-element-5ca1286\" data-id=\"5ca1286\" data-element_type=\"column\" data-e-type=\"column\">\n\t\t\t<div class=\"elementor-widget-wrap elementor-element-populated\">\n\t\t\t\t\t\t<div class=\"elementor-element elementor-element-175260c elementor-widget__width-initial elementor-widget elementor-widget-heading\" data-id=\"175260c\" data-element_type=\"widget\" data-e-type=\"widget\" data-widget_type=\"heading.default\">\n\t\t\t\t<div class=\"elementor-widget-container\">\n\t\t\t\t\t<p class=\"elementor-heading-title elementor-size-default\">Email :<\/p>\t\t\t\t<\/div>\n\t\t\t\t<\/div>\n\t\t\t\t\t<\/div>\n\t\t<\/div>\n\t\t\t\t<div class=\"elementor-column elementor-col-50 elementor-inner-column elementor-element elementor-element-7bc4c86\" data-id=\"7bc4c86\" data-element_type=\"column\" data-e-type=\"column\">\n\t\t\t<div class=\"elementor-widget-wrap elementor-element-populated\">\n\t\t\t\t\t\t<div class=\"elementor-element elementor-element-c2fb0f5 elementor-widget__width-initial elementor-widget elementor-widget-heading\" data-id=\"c2fb0f5\" data-element_type=\"widget\" data-e-type=\"widget\" data-widget_type=\"heading.default\">\n\t\t\t\t<div class=\"elementor-widget-container\">\n\t\t\t\t\t<p class=\"elementor-heading-title elementor-size-default\"><a href=\"mailto:booking@hotelalcantara.be\">booking@hotelalcantara.be<\/a><\/p>\t\t\t\t<\/div>\n\t\t\t\t<\/div>\n\t\t\t\t\t<\/div>\n\t\t<\/div>\n\t\t\t\t\t<\/div>\n\t\t<\/section>\n\t\t\t\t<section class=\"elementor-section elementor-inner-section elementor-element elementor-element-6e21f35 elementor-section-boxed elementor-section-height-default elementor-section-height-default\" data-id=\"6e21f35\" data-element_type=\"section\" data-e-type=\"section\">\n\t\t\t\t\t\t<div class=\"elementor-container elementor-column-gap-default\">\n\t\t\t\t\t<div class=\"elementor-column elementor-col-50 elementor-inner-column elementor-element elementor-element-b664e99\" data-id=\"b664e99\" data-element_type=\"column\" data-e-type=\"column\">\n\t\t\t<div class=\"elementor-widget-wrap elementor-element-populated\">\n\t\t\t\t\t\t<div class=\"elementor-element elementor-element-1ef07d3 elementor-widget__width-initial elementor-widget elementor-widget-heading\" data-id=\"1ef07d3\" data-element_type=\"widget\" data-e-type=\"widget\" data-widget_type=\"heading.default\">\n\t\t\t\t<div class=\"elementor-widget-container\">\n\t\t\t\t\t<p class=\"elementor-heading-title elementor-size-default\">TVA :<\/p>\t\t\t\t<\/div>\n\t\t\t\t<\/div>\n\t\t\t\t\t<\/div>\n\t\t<\/div>\n\t\t\t\t<div class=\"elementor-column elementor-col-50 elementor-inner-column elementor-element elementor-element-2704651\" data-id=\"2704651\" data-element_type=\"column\" data-e-type=\"column\">\n\t\t\t<div class=\"elementor-widget-wrap elementor-element-populated\">\n\t\t\t\t\t\t<div class=\"elementor-element elementor-element-b9dd750 elementor-widget__width-initial elementor-widget elementor-widget-heading\" data-id=\"b9dd750\" data-element_type=\"widget\" data-e-type=\"widget\" data-widget_type=\"heading.default\">\n\t\t\t\t<div class=\"elementor-widget-container\">\n\t\t\t\t\t<p class=\"elementor-heading-title elementor-size-default\">BE 0430.160.950<\/p>\t\t\t\t<\/div>\n\t\t\t\t<\/div>\n\t\t\t\t\t<\/div>\n\t\t<\/div>\n\t\t\t\t\t<\/div>\n\t\t<\/section>\n\t\t\t\t<div class=\"elementor-element elementor-element-114bb431 elementor-widget elementor-widget-spacer\" data-id=\"114bb431\" data-element_type=\"widget\" data-e-type=\"widget\" data-widget_type=\"spacer.default\">\n\t\t\t\t<div class=\"elementor-widget-container\">\n\t\t\t\t\t\t\t<div class=\"elementor-spacer\">\n\t\t\t<div class=\"elementor-spacer-inner\"><\/div>\n\t\t<\/div>\n\t\t\t\t\t\t<\/div>\n\t\t\t\t<\/div>\n\t\t\t\t\t<\/div>\n\t\t<\/div>\n\t\t\t\t\t<\/div>\n\t\t<\/section>\n\t\t\t\t<\/div>","protected":false},"excerpt":{"rendered":"<p>Nous vous proposons un choix de chambres vari\u00e9es et adapt\u00e9es \u00e0 tous vos besoins. Contact &#038; Acc\u00e8s H\u00f4tel Alcantara Contactez-nous Pour toute question ou demande sp\u00e9cifique, vous pouvez nous envoyez un message Adresse : Rue des Bouchers Saint-Jacques 2, 7500 Tournai T\u00e9l\u00e9phone : +32(0)69.21.26.48 Email : booking@hotelalcantara.be TVA : BE 0430.160.950<\/p>","protected":false},"author":2,"featured_media":8597,"parent":0,"menu_order":0,"comment_status":"closed","ping_status":"closed","template":"","meta":{"footnotes":""},"class_list":["post-7120","page","type-page","status-publish","has-post-thumbnail","hentry"],"yoast_head":"<!-- This site is optimized with the Yoast SEO plugin v27.4 - https:\/\/yoast.com\/product\/yoast-seo-wordpress\/ -->\n<title>Contact &amp; acc\u00e8s | H\u00f4tel Alcantara situ\u00e9 \u00e0 Tournai<\/title>\n<meta name=\"robots\" content=\"index, follow, max-snippet:-1, max-image-preview:large, max-video-preview:-1\" \/>\n<link rel=\"canonical\" href=\"https:\/\/hotelalcantara.be\/en\/contact-acces\/\" \/>\n<meta property=\"og:locale\" content=\"en_US\" \/>\n<meta property=\"og:type\" content=\"article\" \/>\n<meta property=\"og:title\" content=\"Contact &amp; acc\u00e8s | H\u00f4tel Alcantara situ\u00e9 \u00e0 Tournai\" \/>\n<meta property=\"og:description\" content=\"Nous vous proposons un choix de chambres vari\u00e9es et adapt\u00e9es \u00e0 tous vos besoins. Contact &#038; Acc\u00e8s H\u00f4tel Alcantara Contactez-nous Pour toute question ou demande sp\u00e9cifique, vous pouvez nous envoyez un message Adresse : Rue des Bouchers Saint-Jacques 2, 7500 Tournai T\u00e9l\u00e9phone : +32(0)69.21.26.48 Email : booking@hotelalcantara.be TVA : BE 0430.160.950\" \/>\n<meta property=\"og:url\" content=\"https:\/\/hotelalcantara.be\/en\/contact-acces\/\" \/>\n<meta property=\"og:site_name\" content=\"Alcantara\" \/>\n<meta property=\"article:modified_time\" content=\"2024-07-01T08:56:08+00:00\" \/>\n<meta property=\"og:image\" content=\"http:\/\/hotelalcantara.be\/wp-content\/uploads\/2024\/01\/page_hotel.jpg\" \/>\n\t<meta property=\"og:image:width\" content=\"1024\" \/>\n\t<meta property=\"og:image:height\" content=\"976\" \/>\n\t<meta property=\"og:image:type\" content=\"image\/jpeg\" \/>\n<meta name=\"twitter:card\" content=\"summary_large_image\" \/>\n<meta name=\"twitter:label1\" content=\"Est. reading time\" \/>\n\t<meta name=\"twitter:data1\" content=\"1 minute\" \/>\n<script type=\"application\/ld+json\" class=\"yoast-schema-graph\">{\"@context\":\"https:\\\/\\\/schema.org\",\"@graph\":[{\"@type\":\"WebPage\",\"@id\":\"https:\\\/\\\/hotelalcantara.be\\\/contact-acces\\\/\",\"url\":\"https:\\\/\\\/hotelalcantara.be\\\/contact-acces\\\/\",\"name\":\"Contact & acc\u00e8s | H\u00f4tel Alcantara situ\u00e9 \u00e0 Tournai\",\"isPartOf\":{\"@id\":\"https:\\\/\\\/hotelalcantara.be\\\/#website\"},\"primaryImageOfPage\":{\"@id\":\"https:\\\/\\\/hotelalcantara.be\\\/contact-acces\\\/#primaryimage\"},\"image\":{\"@id\":\"https:\\\/\\\/hotelalcantara.be\\\/contact-acces\\\/#primaryimage\"},\"thumbnailUrl\":\"https:\\\/\\\/hotelalcantara.be\\\/wp-content\\\/uploads\\\/2024\\\/01\\\/page_hotel.jpg\",\"datePublished\":\"2023-11-15T16:12:31+00:00\",\"dateModified\":\"2024-07-01T08:56:08+00:00\",\"breadcrumb\":{\"@id\":\"https:\\\/\\\/hotelalcantara.be\\\/contact-acces\\\/#breadcrumb\"},\"inLanguage\":\"en-US\",\"potentialAction\":[{\"@type\":\"ReadAction\",\"target\":[\"https:\\\/\\\/hotelalcantara.be\\\/contact-acces\\\/\"]}]},{\"@type\":\"ImageObject\",\"inLanguage\":\"en-US\",\"@id\":\"https:\\\/\\\/hotelalcantara.be\\\/contact-acces\\\/#primaryimage\",\"url\":\"https:\\\/\\\/hotelalcantara.be\\\/wp-content\\\/uploads\\\/2024\\\/01\\\/page_hotel.jpg\",\"contentUrl\":\"https:\\\/\\\/hotelalcantara.be\\\/wp-content\\\/uploads\\\/2024\\\/01\\\/page_hotel.jpg\",\"width\":1024,\"height\":976},{\"@type\":\"BreadcrumbList\",\"@id\":\"https:\\\/\\\/hotelalcantara.be\\\/contact-acces\\\/#breadcrumb\",\"itemListElement\":[{\"@type\":\"ListItem\",\"position\":1,\"name\":\"Accueil\",\"item\":\"https:\\\/\\\/hotelalcantara.be\\\/\"},{\"@type\":\"ListItem\",\"position\":2,\"name\":\"Contact &#038; acc\u00e8s\"}]},{\"@type\":\"WebSite\",\"@id\":\"https:\\\/\\\/hotelalcantara.be\\\/#website\",\"url\":\"https:\\\/\\\/hotelalcantara.be\\\/\",\"name\":\"Alcantara\",\"description\":\"Un h\u00f4tel unique au c\u0153ur de la ville de Tournai\",\"publisher\":{\"@id\":\"https:\\\/\\\/hotelalcantara.be\\\/#organization\"},\"potentialAction\":[{\"@type\":\"SearchAction\",\"target\":{\"@type\":\"EntryPoint\",\"urlTemplate\":\"https:\\\/\\\/hotelalcantara.be\\\/?s={search_term_string}\"},\"query-input\":{\"@type\":\"PropertyValueSpecification\",\"valueRequired\":true,\"valueName\":\"search_term_string\"}}],\"inLanguage\":\"en-US\"},{\"@type\":\"Organization\",\"@id\":\"https:\\\/\\\/hotelalcantara.be\\\/#organization\",\"name\":\"Alcantara\",\"url\":\"https:\\\/\\\/hotelalcantara.be\\\/\",\"logo\":{\"@type\":\"ImageObject\",\"inLanguage\":\"en-US\",\"@id\":\"https:\\\/\\\/hotelalcantara.be\\\/#\\\/schema\\\/logo\\\/image\\\/\",\"url\":\"https:\\\/\\\/hotelalcantara.be\\\/wp-content\\\/uploads\\\/2023\\\/11\\\/cropped-Alcantara2.png\",\"contentUrl\":\"https:\\\/\\\/hotelalcantara.be\\\/wp-content\\\/uploads\\\/2023\\\/11\\\/cropped-Alcantara2.png\",\"width\":512,\"height\":512,\"caption\":\"Alcantara\"},\"image\":{\"@id\":\"https:\\\/\\\/hotelalcantara.be\\\/#\\\/schema\\\/logo\\\/image\\\/\"}}]}<\/script>\n<!-- \/ Yoast SEO plugin. -->","yoast_head_json":{"title":"Contact & acc\u00e8s | H\u00f4tel Alcantara situ\u00e9 \u00e0 Tournai","robots":{"index":"index","follow":"follow","max-snippet":"max-snippet:-1","max-image-preview":"max-image-preview:large","max-video-preview":"max-video-preview:-1"},"canonical":"https:\/\/hotelalcantara.be\/en\/contact-acces\/","og_locale":"en_US","og_type":"article","og_title":"Contact & acc\u00e8s | H\u00f4tel Alcantara situ\u00e9 \u00e0 Tournai","og_description":"Nous vous proposons un choix de chambres vari\u00e9es et adapt\u00e9es \u00e0 tous vos besoins. Contact &#038; Acc\u00e8s H\u00f4tel Alcantara Contactez-nous Pour toute question ou demande sp\u00e9cifique, vous pouvez nous envoyez un message Adresse : Rue des Bouchers Saint-Jacques 2, 7500 Tournai T\u00e9l\u00e9phone : +32(0)69.21.26.48 Email : booking@hotelalcantara.be TVA : BE 0430.160.950","og_url":"https:\/\/hotelalcantara.be\/en\/contact-acces\/","og_site_name":"Alcantara","article_modified_time":"2024-07-01T08:56:08+00:00","og_image":[{"width":1024,"height":976,"url":"http:\/\/hotelalcantara.be\/wp-content\/uploads\/2024\/01\/page_hotel.jpg","type":"image\/jpeg"}],"twitter_card":"summary_large_image","twitter_misc":{"Est. reading time":"1 minute"},"schema":{"@context":"https:\/\/schema.org","@graph":[{"@type":"WebPage","@id":"https:\/\/hotelalcantara.be\/contact-acces\/","url":"https:\/\/hotelalcantara.be\/contact-acces\/","name":"Contact & acc\u00e8s | H\u00f4tel Alcantara situ\u00e9 \u00e0 Tournai","isPartOf":{"@id":"https:\/\/hotelalcantara.be\/#website"},"primaryImageOfPage":{"@id":"https:\/\/hotelalcantara.be\/contact-acces\/#primaryimage"},"image":{"@id":"https:\/\/hotelalcantara.be\/contact-acces\/#primaryimage"},"thumbnailUrl":"https:\/\/hotelalcantara.be\/wp-content\/uploads\/2024\/01\/page_hotel.jpg","datePublished":"2023-11-15T16:12:31+00:00","dateModified":"2024-07-01T08:56:08+00:00","breadcrumb":{"@id":"https:\/\/hotelalcantara.be\/contact-acces\/#breadcrumb"},"inLanguage":"en-US","potentialAction":[{"@type":"ReadAction","target":["https:\/\/hotelalcantara.be\/contact-acces\/"]}]},{"@type":"ImageObject","inLanguage":"en-US","@id":"https:\/\/hotelalcantara.be\/contact-acces\/#primaryimage","url":"https:\/\/hotelalcantara.be\/wp-content\/uploads\/2024\/01\/page_hotel.jpg","contentUrl":"https:\/\/hotelalcantara.be\/wp-content\/uploads\/2024\/01\/page_hotel.jpg","width":1024,"height":976},{"@type":"BreadcrumbList","@id":"https:\/\/hotelalcantara.be\/contact-acces\/#breadcrumb","itemListElement":[{"@type":"ListItem","position":1,"name":"Accueil","item":"https:\/\/hotelalcantara.be\/"},{"@type":"ListItem","position":2,"name":"Contact &#038; acc\u00e8s"}]},{"@type":"WebSite","@id":"https:\/\/hotelalcantara.be\/#website","url":"https:\/\/hotelalcantara.be\/","name":"Alcantara","description":"Un h\u00f4tel unique au c\u0153ur de la ville de Tournai","publisher":{"@id":"https:\/\/hotelalcantara.be\/#organization"},"potentialAction":[{"@type":"SearchAction","target":{"@type":"EntryPoint","urlTemplate":"https:\/\/hotelalcantara.be\/?s={search_term_string}"},"query-input":{"@type":"PropertyValueSpecification","valueRequired":true,"valueName":"search_term_string"}}],"inLanguage":"en-US"},{"@type":"Organization","@id":"https:\/\/hotelalcantara.be\/#organization","name":"Alcantara","url":"https:\/\/hotelalcantara.be\/","logo":{"@type":"ImageObject","inLanguage":"en-US","@id":"https:\/\/hotelalcantara.be\/#\/schema\/logo\/image\/","url":"https:\/\/hotelalcantara.be\/wp-content\/uploads\/2023\/11\/cropped-Alcantara2.png","contentUrl":"https:\/\/hotelalcantara.be\/wp-content\/uploads\/2023\/11\/cropped-Alcantara2.png","width":512,"height":512,"caption":"Alcantara"},"image":{"@id":"https:\/\/hotelalcantara.be\/#\/schema\/logo\/image\/"}}]}},"_links":{"self":[{"href":"https:\/\/hotelalcantara.be\/en\/wp-json\/wp\/v2\/pages\/7120","targetHints":{"allow":["GET"]}}],"collection":[{"href":"https:\/\/hotelalcantara.be\/en\/wp-json\/wp\/v2\/pages"}],"about":[{"href":"https:\/\/hotelalcantara.be\/en\/wp-json\/wp\/v2\/types\/page"}],"author":[{"embeddable":true,"href":"https:\/\/hotelalcantara.be\/en\/wp-json\/wp\/v2\/users\/2"}],"replies":[{"embeddable":true,"href":"https:\/\/hotelalcantara.be\/en\/wp-json\/wp\/v2\/comments?post=7120"}],"version-history":[{"count":88,"href":"https:\/\/hotelalcantara.be\/en\/wp-json\/wp\/v2\/pages\/7120\/revisions"}],"predecessor-version":[{"id":9468,"href":"https:\/\/hotelalcantara.be\/en\/wp-json\/wp\/v2\/pages\/7120\/revisions\/9468"}],"wp:featuredmedia":[{"embeddable":true,"href":"https:\/\/hotelalcantara.be\/en\/wp-json\/wp\/v2\/media\/8597"}],"wp:attachment":[{"href":"https:\/\/hotelalcantara.be\/en\/wp-json\/wp\/v2\/media?parent=7120"}],"curies":[{"name":"wp","href":"https:\/\/api.w.org\/{rel}","templated":true}]}}