{"id":8237,"date":"2023-12-14T15:13:10","date_gmt":"2023-12-14T14:13:10","guid":{"rendered":"https:\/\/hotelalcantara.be\/?page_id=8237"},"modified":"2024-01-18T10:25:31","modified_gmt":"2024-01-18T09:25:31","slug":"page-reservation","status":"publish","type":"page","link":"https:\/\/hotelalcantara.be\/en\/page-reservation\/","title":{"rendered":"page reservation"},"content":{"rendered":"<div data-elementor-type=\"wp-page\" data-elementor-id=\"8237\" class=\"elementor elementor-8237\">\n\t\t\t\t\t\t<section class=\"elementor-section elementor-top-section elementor-element elementor-element-f3be93c elementor-section-stretched elementor-section-content-middle elementor-section-boxed elementor-section-height-default elementor-section-height-default\" data-id=\"f3be93c\" data-element_type=\"section\" data-e-type=\"section\" data-settings=\"{&quot;stretch_section&quot;:&quot;section-stretched&quot;,&quot;background_background&quot;:&quot;classic&quot;}\">\n\t\t\t\t\t\t\t<div class=\"elementor-background-overlay\"><\/div>\n\t\t\t\t\t\t\t<div class=\"elementor-container elementor-column-gap-default\">\n\t\t\t\t\t<div class=\"elementor-column elementor-col-100 elementor-top-column elementor-element elementor-element-c50f8ac\" data-id=\"c50f8ac\" data-element_type=\"column\" data-e-type=\"column\">\n\t\t\t<div class=\"elementor-widget-wrap\">\n\t\t\t\t\t\t\t<\/div>\n\t\t<\/div>\n\t\t\t\t\t<\/div>\n\t\t<\/section>\n\t\t\t\t<section class=\"elementor-section elementor-top-section elementor-element elementor-element-fb416a3 elementor-section-content-middle elementor-section-stretched elementor-section-boxed elementor-section-height-default elementor-section-height-default\" data-id=\"fb416a3\" data-element_type=\"section\" data-e-type=\"section\" data-settings=\"{&quot;stretch_section&quot;:&quot;section-stretched&quot;,&quot;background_background&quot;:&quot;classic&quot;}\">\n\t\t\t\t\t\t\t<div class=\"elementor-background-overlay\"><\/div>\n\t\t\t\t\t\t\t<div class=\"elementor-container elementor-column-gap-default\">\n\t\t\t\t\t<div class=\"elementor-column elementor-col-100 elementor-top-column elementor-element elementor-element-6e02ba9\" data-id=\"6e02ba9\" data-element_type=\"column\" data-e-type=\"column\">\n\t\t\t<div class=\"elementor-widget-wrap elementor-element-populated\">\n\t\t\t\t\t\t<div class=\"elementor-element elementor-element-8dabda3 elementor-widget elementor-widget-heading\" data-id=\"8dabda3\" data-element_type=\"widget\" data-e-type=\"widget\" data-widget_type=\"heading.default\">\n\t\t\t\t<div class=\"elementor-widget-container\">\n\t\t\t\t\t<h5 class=\"elementor-heading-title elementor-size-default\">We offer you a unique hotel in the heart of the city.\n<\/h5>\t\t\t\t<\/div>\n\t\t\t\t<\/div>\n\t\t\t\t<div class=\"elementor-element elementor-element-a91c689 elementor-widget elementor-widget-heading\" data-id=\"a91c689\" data-element_type=\"widget\" data-e-type=\"widget\" data-widget_type=\"heading.default\">\n\t\t\t\t<div class=\"elementor-widget-container\">\n\t\t\t\t\t<h1 class=\"elementor-heading-title elementor-size-default\">R\u00e9server une chambre<\/h1>\t\t\t\t<\/div>\n\t\t\t\t<\/div>\n\t\t\t\t\t<\/div>\n\t\t<\/div>\n\t\t\t\t\t<\/div>\n\t\t<\/section>\n\t\t<div class=\"elementor-element elementor-element-51df3e2 e-flex e-con-boxed e-con e-parent\" data-id=\"51df3e2\" data-element_type=\"container\" data-e-type=\"container\">\n\t\t\t\t\t<div class=\"e-con-inner\">\n\t\t\t\t<div class=\"elementor-element elementor-element-3018756 elementor-widget elementor-widget-spacer\" data-id=\"3018756\" data-element_type=\"widget\" data-e-type=\"widget\" data-widget_type=\"spacer.default\">\n\t\t\t\t<div class=\"elementor-widget-container\">\n\t\t\t\t\t\t\t<div class=\"elementor-spacer\">\n\t\t\t<div class=\"elementor-spacer-inner\"><\/div>\n\t\t<\/div>\n\t\t\t\t\t\t<\/div>\n\t\t\t\t<\/div>\n\t\t\t\t\t<\/div>\n\t\t\t\t<\/div>\n\t\t<div class=\"elementor-element elementor-element-d728011 e-con-full e-flex e-con e-parent\" data-id=\"d728011\" data-element_type=\"container\" data-e-type=\"container\">\n\t\t\t\t<div class=\"elementor-element elementor-element-735b757 elementor-widget__width-inherit elementor-widget elementor-widget-html\" data-id=\"735b757\" data-element_type=\"widget\" data-e-type=\"widget\" data-widget_type=\"html.default\">\n\t\t\t\t<div class=\"elementor-widget-container\">\n\t\t\t\t\t<iframe id=\"mb-iframe\" src=\"https:\/\/www.secure-direct-hotel-booking.com\/module_booking_engine\/index.php?id_etab=208210cfc445783b200ba690deadf97c&langue=francais\" height=\"1000\"><\/iframe>\t\t\t\t<\/div>\n\t\t\t\t<\/div>\n\t\t\t\t<\/div>\n\t\t\t\t<\/div>","protected":false},"excerpt":{"rendered":"<p>Nous vous proposons un choix de chambres vari\u00e9es et adapt\u00e9es \u00e0 tous vos besoins. R\u00e9server une chambre<\/p>","protected":false},"author":2,"featured_media":8597,"parent":0,"menu_order":0,"comment_status":"closed","ping_status":"closed","template":"","meta":{"footnotes":""},"class_list":["post-8237","page","type-page","status-publish","has-post-thumbnail","hentry"],"yoast_head":"<!-- This site is optimized with the Yoast SEO plugin v27.4 - https:\/\/yoast.com\/product\/yoast-seo-wordpress\/ -->\n<title>R\u00e9servation | H\u00f4tel Alcantara situ\u00e9 \u00e0 Tournai<\/title>\n<meta name=\"robots\" content=\"index, follow, max-snippet:-1, max-image-preview:large, max-video-preview:-1\" \/>\n<link rel=\"canonical\" href=\"https:\/\/hotelalcantara.be\/en\/page-reservation\/\" \/>\n<meta property=\"og:locale\" content=\"en_US\" \/>\n<meta property=\"og:type\" content=\"article\" \/>\n<meta property=\"og:title\" content=\"R\u00e9servation | H\u00f4tel Alcantara situ\u00e9 \u00e0 Tournai\" \/>\n<meta property=\"og:description\" content=\"Nous vous proposons un choix de chambres vari\u00e9es et adapt\u00e9es \u00e0 tous vos besoins. R\u00e9server une chambre\" \/>\n<meta property=\"og:url\" content=\"https:\/\/hotelalcantara.be\/en\/page-reservation\/\" \/>\n<meta property=\"og:site_name\" content=\"Alcantara\" \/>\n<meta property=\"article:modified_time\" content=\"2024-01-18T09:25:31+00:00\" \/>\n<meta property=\"og:image\" content=\"http:\/\/hotelalcantara.be\/wp-content\/uploads\/2024\/01\/page_hotel.jpg\" \/>\n\t<meta property=\"og:image:width\" content=\"1024\" \/>\n\t<meta property=\"og:image:height\" content=\"976\" \/>\n\t<meta property=\"og:image:type\" content=\"image\/jpeg\" \/>\n<meta name=\"twitter:card\" content=\"summary_large_image\" \/>\n<meta name=\"twitter:label1\" content=\"Est. reading time\" \/>\n\t<meta name=\"twitter:data1\" content=\"1 minute\" \/>\n<script type=\"application\/ld+json\" class=\"yoast-schema-graph\">{\"@context\":\"https:\\\/\\\/schema.org\",\"@graph\":[{\"@type\":\"WebPage\",\"@id\":\"https:\\\/\\\/hotelalcantara.be\\\/page-reservation\\\/\",\"url\":\"https:\\\/\\\/hotelalcantara.be\\\/page-reservation\\\/\",\"name\":\"R\u00e9servation | H\u00f4tel Alcantara situ\u00e9 \u00e0 Tournai\",\"isPartOf\":{\"@id\":\"https:\\\/\\\/hotelalcantara.be\\\/#website\"},\"primaryImageOfPage\":{\"@id\":\"https:\\\/\\\/hotelalcantara.be\\\/page-reservation\\\/#primaryimage\"},\"image\":{\"@id\":\"https:\\\/\\\/hotelalcantara.be\\\/page-reservation\\\/#primaryimage\"},\"thumbnailUrl\":\"https:\\\/\\\/hotelalcantara.be\\\/wp-content\\\/uploads\\\/2024\\\/01\\\/page_hotel.jpg\",\"datePublished\":\"2023-12-14T14:13:10+00:00\",\"dateModified\":\"2024-01-18T09:25:31+00:00\",\"breadcrumb\":{\"@id\":\"https:\\\/\\\/hotelalcantara.be\\\/page-reservation\\\/#breadcrumb\"},\"inLanguage\":\"en-US\",\"potentialAction\":[{\"@type\":\"ReadAction\",\"target\":[\"https:\\\/\\\/hotelalcantara.be\\\/page-reservation\\\/\"]}]},{\"@type\":\"ImageObject\",\"inLanguage\":\"en-US\",\"@id\":\"https:\\\/\\\/hotelalcantara.be\\\/page-reservation\\\/#primaryimage\",\"url\":\"https:\\\/\\\/hotelalcantara.be\\\/wp-content\\\/uploads\\\/2024\\\/01\\\/page_hotel.jpg\",\"contentUrl\":\"https:\\\/\\\/hotelalcantara.be\\\/wp-content\\\/uploads\\\/2024\\\/01\\\/page_hotel.jpg\",\"width\":1024,\"height\":976},{\"@type\":\"BreadcrumbList\",\"@id\":\"https:\\\/\\\/hotelalcantara.be\\\/page-reservation\\\/#breadcrumb\",\"itemListElement\":[{\"@type\":\"ListItem\",\"position\":1,\"name\":\"Accueil\",\"item\":\"https:\\\/\\\/hotelalcantara.be\\\/\"},{\"@type\":\"ListItem\",\"position\":2,\"name\":\"page reservation\"}]},{\"@type\":\"WebSite\",\"@id\":\"https:\\\/\\\/hotelalcantara.be\\\/#website\",\"url\":\"https:\\\/\\\/hotelalcantara.be\\\/\",\"name\":\"Alcantara\",\"description\":\"Un h\u00f4tel unique au c\u0153ur de la ville de Tournai\",\"publisher\":{\"@id\":\"https:\\\/\\\/hotelalcantara.be\\\/#organization\"},\"potentialAction\":[{\"@type\":\"SearchAction\",\"target\":{\"@type\":\"EntryPoint\",\"urlTemplate\":\"https:\\\/\\\/hotelalcantara.be\\\/?s={search_term_string}\"},\"query-input\":{\"@type\":\"PropertyValueSpecification\",\"valueRequired\":true,\"valueName\":\"search_term_string\"}}],\"inLanguage\":\"en-US\"},{\"@type\":\"Organization\",\"@id\":\"https:\\\/\\\/hotelalcantara.be\\\/#organization\",\"name\":\"Alcantara\",\"url\":\"https:\\\/\\\/hotelalcantara.be\\\/\",\"logo\":{\"@type\":\"ImageObject\",\"inLanguage\":\"en-US\",\"@id\":\"https:\\\/\\\/hotelalcantara.be\\\/#\\\/schema\\\/logo\\\/image\\\/\",\"url\":\"https:\\\/\\\/hotelalcantara.be\\\/wp-content\\\/uploads\\\/2023\\\/11\\\/cropped-Alcantara2.png\",\"contentUrl\":\"https:\\\/\\\/hotelalcantara.be\\\/wp-content\\\/uploads\\\/2023\\\/11\\\/cropped-Alcantara2.png\",\"width\":512,\"height\":512,\"caption\":\"Alcantara\"},\"image\":{\"@id\":\"https:\\\/\\\/hotelalcantara.be\\\/#\\\/schema\\\/logo\\\/image\\\/\"}}]}<\/script>\n<!-- \/ Yoast SEO plugin. -->","yoast_head_json":{"title":"R\u00e9servation | H\u00f4tel Alcantara situ\u00e9 \u00e0 Tournai","robots":{"index":"index","follow":"follow","max-snippet":"max-snippet:-1","max-image-preview":"max-image-preview:large","max-video-preview":"max-video-preview:-1"},"canonical":"https:\/\/hotelalcantara.be\/en\/page-reservation\/","og_locale":"en_US","og_type":"article","og_title":"R\u00e9servation | H\u00f4tel Alcantara situ\u00e9 \u00e0 Tournai","og_description":"Nous vous proposons un choix de chambres vari\u00e9es et adapt\u00e9es \u00e0 tous vos besoins. R\u00e9server une chambre","og_url":"https:\/\/hotelalcantara.be\/en\/page-reservation\/","og_site_name":"Alcantara","article_modified_time":"2024-01-18T09:25:31+00:00","og_image":[{"width":1024,"height":976,"url":"http:\/\/hotelalcantara.be\/wp-content\/uploads\/2024\/01\/page_hotel.jpg","type":"image\/jpeg"}],"twitter_card":"summary_large_image","twitter_misc":{"Est. reading time":"1 minute"},"schema":{"@context":"https:\/\/schema.org","@graph":[{"@type":"WebPage","@id":"https:\/\/hotelalcantara.be\/page-reservation\/","url":"https:\/\/hotelalcantara.be\/page-reservation\/","name":"R\u00e9servation | H\u00f4tel Alcantara situ\u00e9 \u00e0 Tournai","isPartOf":{"@id":"https:\/\/hotelalcantara.be\/#website"},"primaryImageOfPage":{"@id":"https:\/\/hotelalcantara.be\/page-reservation\/#primaryimage"},"image":{"@id":"https:\/\/hotelalcantara.be\/page-reservation\/#primaryimage"},"thumbnailUrl":"https:\/\/hotelalcantara.be\/wp-content\/uploads\/2024\/01\/page_hotel.jpg","datePublished":"2023-12-14T14:13:10+00:00","dateModified":"2024-01-18T09:25:31+00:00","breadcrumb":{"@id":"https:\/\/hotelalcantara.be\/page-reservation\/#breadcrumb"},"inLanguage":"en-US","potentialAction":[{"@type":"ReadAction","target":["https:\/\/hotelalcantara.be\/page-reservation\/"]}]},{"@type":"ImageObject","inLanguage":"en-US","@id":"https:\/\/hotelalcantara.be\/page-reservation\/#primaryimage","url":"https:\/\/hotelalcantara.be\/wp-content\/uploads\/2024\/01\/page_hotel.jpg","contentUrl":"https:\/\/hotelalcantara.be\/wp-content\/uploads\/2024\/01\/page_hotel.jpg","width":1024,"height":976},{"@type":"BreadcrumbList","@id":"https:\/\/hotelalcantara.be\/page-reservation\/#breadcrumb","itemListElement":[{"@type":"ListItem","position":1,"name":"Accueil","item":"https:\/\/hotelalcantara.be\/"},{"@type":"ListItem","position":2,"name":"page reservation"}]},{"@type":"WebSite","@id":"https:\/\/hotelalcantara.be\/#website","url":"https:\/\/hotelalcantara.be\/","name":"Alcantara","description":"Un h\u00f4tel unique au c\u0153ur de la ville de Tournai","publisher":{"@id":"https:\/\/hotelalcantara.be\/#organization"},"potentialAction":[{"@type":"SearchAction","target":{"@type":"EntryPoint","urlTemplate":"https:\/\/hotelalcantara.be\/?s={search_term_string}"},"query-input":{"@type":"PropertyValueSpecification","valueRequired":true,"valueName":"search_term_string"}}],"inLanguage":"en-US"},{"@type":"Organization","@id":"https:\/\/hotelalcantara.be\/#organization","name":"Alcantara","url":"https:\/\/hotelalcantara.be\/","logo":{"@type":"ImageObject","inLanguage":"en-US","@id":"https:\/\/hotelalcantara.be\/#\/schema\/logo\/image\/","url":"https:\/\/hotelalcantara.be\/wp-content\/uploads\/2023\/11\/cropped-Alcantara2.png","contentUrl":"https:\/\/hotelalcantara.be\/wp-content\/uploads\/2023\/11\/cropped-Alcantara2.png","width":512,"height":512,"caption":"Alcantara"},"image":{"@id":"https:\/\/hotelalcantara.be\/#\/schema\/logo\/image\/"}}]}},"_links":{"self":[{"href":"https:\/\/hotelalcantara.be\/en\/wp-json\/wp\/v2\/pages\/8237","targetHints":{"allow":["GET"]}}],"collection":[{"href":"https:\/\/hotelalcantara.be\/en\/wp-json\/wp\/v2\/pages"}],"about":[{"href":"https:\/\/hotelalcantara.be\/en\/wp-json\/wp\/v2\/types\/page"}],"author":[{"embeddable":true,"href":"https:\/\/hotelalcantara.be\/en\/wp-json\/wp\/v2\/users\/2"}],"replies":[{"embeddable":true,"href":"https:\/\/hotelalcantara.be\/en\/wp-json\/wp\/v2\/comments?post=8237"}],"version-history":[{"count":17,"href":"https:\/\/hotelalcantara.be\/en\/wp-json\/wp\/v2\/pages\/8237\/revisions"}],"predecessor-version":[{"id":8785,"href":"https:\/\/hotelalcantara.be\/en\/wp-json\/wp\/v2\/pages\/8237\/revisions\/8785"}],"wp:featuredmedia":[{"embeddable":true,"href":"https:\/\/hotelalcantara.be\/en\/wp-json\/wp\/v2\/media\/8597"}],"wp:attachment":[{"href":"https:\/\/hotelalcantara.be\/en\/wp-json\/wp\/v2\/media?parent=8237"}],"curies":[{"name":"wp","href":"https:\/\/api.w.org\/{rel}","templated":true}]}}