{"id":8822,"date":"2024-01-18T10:37:21","date_gmt":"2024-01-18T09:37:21","guid":{"rendered":"https:\/\/hotelalcantara.be\/?page_id=8822"},"modified":"2024-01-18T10:44:58","modified_gmt":"2024-01-18T09:44:58","slug":"politique-de-confidentialite","status":"publish","type":"page","link":"https:\/\/hotelalcantara.be\/en\/politique-de-confidentialite\/","title":{"rendered":"Privacy policy"},"content":{"rendered":"<div data-elementor-type=\"wp-page\" data-elementor-id=\"8822\" class=\"elementor elementor-8822\">\n\t\t\t\t\t\t<section class=\"elementor-section elementor-top-section elementor-element elementor-element-d123964 elementor-section-stretched elementor-section-content-middle elementor-section-boxed elementor-section-height-default elementor-section-height-default\" data-id=\"d123964\" data-element_type=\"section\" data-e-type=\"section\" data-settings=\"{&quot;stretch_section&quot;:&quot;section-stretched&quot;,&quot;background_background&quot;:&quot;classic&quot;}\">\n\t\t\t\t\t\t\t<div class=\"elementor-background-overlay\"><\/div>\n\t\t\t\t\t\t\t<div class=\"elementor-container elementor-column-gap-default\">\n\t\t\t\t\t<div class=\"elementor-column elementor-col-100 elementor-top-column elementor-element elementor-element-59d3d406\" data-id=\"59d3d406\" data-element_type=\"column\" data-e-type=\"column\">\n\t\t\t<div class=\"elementor-widget-wrap\">\n\t\t\t\t\t\t\t<\/div>\n\t\t<\/div>\n\t\t\t\t\t<\/div>\n\t\t<\/section>\n\t\t\t\t<section class=\"elementor-section elementor-top-section elementor-element elementor-element-d00a0ef elementor-section-content-middle elementor-section-stretched elementor-section-boxed elementor-section-height-default elementor-section-height-default\" data-id=\"d00a0ef\" data-element_type=\"section\" data-e-type=\"section\" data-settings=\"{&quot;stretch_section&quot;:&quot;section-stretched&quot;,&quot;background_background&quot;:&quot;classic&quot;}\">\n\t\t\t\t\t\t\t<div class=\"elementor-background-overlay\"><\/div>\n\t\t\t\t\t\t\t<div class=\"elementor-container elementor-column-gap-default\">\n\t\t\t\t\t<div class=\"elementor-column elementor-col-100 elementor-top-column elementor-element elementor-element-cac018c\" data-id=\"cac018c\" data-element_type=\"column\" data-e-type=\"column\">\n\t\t\t<div class=\"elementor-widget-wrap elementor-element-populated\">\n\t\t\t\t\t\t<div class=\"elementor-element elementor-element-a474078 elementor-widget elementor-widget-heading\" data-id=\"a474078\" data-element_type=\"widget\" data-e-type=\"widget\" data-widget_type=\"heading.default\">\n\t\t\t\t<div class=\"elementor-widget-container\">\n\t\t\t\t\t<h1 class=\"elementor-heading-title elementor-size-default\">Privacy policy<\/h1>\t\t\t\t<\/div>\n\t\t\t\t<\/div>\n\t\t\t\t\t<\/div>\n\t\t<\/div>\n\t\t\t\t\t<\/div>\n\t\t<\/section>\n\t\t\t\t<section class=\"elementor-section elementor-top-section elementor-element elementor-element-efc6633 elementor-section-content-middle elementor-section-stretched elementor-section-boxed elementor-section-height-default elementor-section-height-default\" data-id=\"efc6633\" data-element_type=\"section\" data-e-type=\"section\" data-settings=\"{&quot;stretch_section&quot;:&quot;section-stretched&quot;,&quot;background_background&quot;:&quot;classic&quot;}\">\n\t\t\t\t\t\t\t<div class=\"elementor-background-overlay\"><\/div>\n\t\t\t\t\t\t\t<div class=\"elementor-container elementor-column-gap-default\">\n\t\t\t\t\t<div class=\"elementor-column elementor-col-100 elementor-top-column elementor-element elementor-element-8367674\" data-id=\"8367674\" data-element_type=\"column\" data-e-type=\"column\">\n\t\t\t<div class=\"elementor-widget-wrap elementor-element-populated\">\n\t\t\t\t\t\t<div class=\"elementor-element elementor-element-594aa26 elementor-widget elementor-widget-heading\" data-id=\"594aa26\" data-element_type=\"widget\" data-e-type=\"widget\" data-widget_type=\"heading.default\">\n\t\t\t\t<div class=\"elementor-widget-container\">\n\t\t\t\t\t<h5 class=\"elementor-heading-title elementor-size-default\">Gestion des cookies<\/h5>\t\t\t\t<\/div>\n\t\t\t\t<\/div>\n\t\t\t\t<div class=\"elementor-element elementor-element-b5b70b5 elementor-widget elementor-widget-text-editor\" data-id=\"b5b70b5\" data-element_type=\"widget\" data-e-type=\"widget\" data-widget_type=\"text-editor.default\">\n\t\t\t\t<div class=\"elementor-widget-container\">\n\t\t\t\t\t\t\t\t\t<p>En utilisant notre site, vous d\u00e9clarez explicitement avoir lu la politique de confidentialit\u00e9 de H\u00f4tel Alcantara, vous informant ainsi du traitement de vos donn\u00e9es personnelles selon les modalit\u00e9s et principes d\u00e9crits ici.<\/p><p>Notre site utilise des cookies afin d\u2019am\u00e9liorer les fonctionnalit\u00e9s qu\u2019il propose. Les cookies sont des donn\u00e9es qui sont sauvegard\u00e9es sur votre appareil et qui permettent au site de conserver certaines informations vous concernant pour une meilleure navigation.<\/p><p>\u00a0<\/p><p>Nous utilisons divers cookies pour des buts sp\u00e9cifiques :<\/p><p>\u00a0<\/p><p>\u25d9\u00a0 \u00a0 \u00a0Les cookies n\u00e9cessaires : ils sont utilis\u00e9s pour permettre \u00e0 diverses fonctionnalit\u00e9s d\u2019\u00eatre correctement utilis\u00e9es sur le site. Ces cookies ne collectent aucune donn\u00e9e personnelle ;<\/p><p>\u00a0<\/p><p>\u25d9\u00a0 \u00a0 \u00a0 \u00a0Les cookies fonctionnels : ils sont ceux qui permettent un meilleur confort lors de l\u2019utilisation de certaines fonctionnalit\u00e9s du site. Par exemple, ils peuvent enregistrer l\u2019adresse de l\u2019utilisateur pour remplir automatiquement le champ \u00ab adresse \u00bb d\u2019un formulaire et \u00e9viter \u00e0 l\u2019utilisateur de le compl\u00e9ter lui-m\u00eame.<\/p><p>\u00a0<\/p><p>En cliquant sur le bouton \u00ab j\u2019accepte \u00bb, vous acceptez l\u2019utilisation des cookies (article 6, 1, a du RGPD). Vous pouvez \u00e0 tout moment annuler cette approbation en cliquant sur le bouton \u201cPolitique de confidentialit\u00e9\u201d situ\u00e9 dans bas du site. Dans le cas o\u00f9 vous ne souhaitez pas autoriser les cookies, il se peut que l\u2019utilisation de certaines fonctionnalit\u00e9s en soient alt\u00e9r\u00e9es.<\/p>\t\t\t\t\t\t\t\t<\/div>\n\t\t\t\t<\/div>\n\t\t\t\t<div class=\"elementor-element elementor-element-81de7f3 elementor-widget elementor-widget-heading\" data-id=\"81de7f3\" data-element_type=\"widget\" data-e-type=\"widget\" data-widget_type=\"heading.default\">\n\t\t\t\t<div class=\"elementor-widget-container\">\n\t\t\t\t\t<h5 class=\"elementor-heading-title elementor-size-default\">Traitement des donn\u00e9es personnelles<\/h5>\t\t\t\t<\/div>\n\t\t\t\t<\/div>\n\t\t\t\t<div class=\"elementor-element elementor-element-f28d5bc elementor-widget elementor-widget-text-editor\" data-id=\"f28d5bc\" data-element_type=\"widget\" data-e-type=\"widget\" data-widget_type=\"text-editor.default\">\n\t\t\t\t<div class=\"elementor-widget-container\">\n\t\t\t\t\t\t\t\t\t<p>H\u00f4tel Alcantara op\u00e8re comme responsable du traitement en ce qui concerne les donn\u00e9es personnelles qui sont collect\u00e9es et trait\u00e9es dans le cadre de votre utilisation du site.<\/p><p>\u00a0<\/p><p>Toutes les donn\u00e9es concernant l\u2019utilisateur collect\u00e9es au travers de cookies ou formulaires du site sont stock\u00e9es dans notre base de donn\u00e9es uniquement s\u2019il a donn\u00e9 son accord au pr\u00e9alable. Ces informations ne seront pas utilis\u00e9es dans d\u2019autres conditions que celles que l\u2019utilisateur a accept\u00e9es. L\u2019utilisateur dispose d\u2019un droit de regard sur chaque information le concernant : il peut les consulter, les modifier ou encore les supprimer quand bon lui semble et sans avoir \u00e0 fournir de raison \u00e0 H\u00f4tel Alcantara . Pour ce faire, l\u2019utilisateur peut contacter le responsable du traitement des donn\u00e9es par email \u00e0 l\u2019adresse booking@hotelalcantara.be.<\/p><p>\u00a0<\/p><p>Une fois la demande ins\u00e9r\u00e9e, H\u00f4tel Alcantara contactera dans les plus brefs d\u00e9lais l\u2019utilisateur afin de donner suite \u00e0 sa demande.<\/p><p>\u00a0<\/p><p>Vos donn\u00e9es pourront \u00eatre utilis\u00e9es pour :<\/p><p>\u00a0<\/p><p>\u25d9\u00a0 \u00a0 \u00a0Permettre \u00e0\u00a0 H\u00f4tel Alcantara \u00a0de r\u00e9pondre \u00e0 vos demandes ;<\/p><p>\u00a0<\/p><p>\u25d9\u00a0 \u00a0 \u00a0Fournir nos services \u00e0 l\u2019utilisateur ;<\/p><p>\u00a0<\/p><p>\u25d9\u00a0 \u00a0 \u00a0Am\u00e9liorer l\u2019exp\u00e9rience de l\u2019utilisateur ;<\/p><p>\u00a0<\/p><p>\u25d9\u00a0 \u00a0 \u00a0Analyser ces donn\u00e9es pour am\u00e9liorer le fonctionnement du site ;<\/p><p>\u00a0<\/p><p>Vos donn\u00e9es ne seront transmises \u00e0 aucun tiers sans votre consentement.\u00a0 H\u00f4tel Alcantara \u00a0ne divulgue(ra) pas vos donn\u00e9es \u00e0 caract\u00e8re personnel \u00e0 des tiers \u00e0 des fins de marketing direct, ni ne traite vos donn\u00e9es personnelles \u00e0 des fins de prospection, y compris de profilage.<\/p>\t\t\t\t\t\t\t\t<\/div>\n\t\t\t\t<\/div>\n\t\t\t\t<div class=\"elementor-element elementor-element-a712758 elementor-widget elementor-widget-heading\" data-id=\"a712758\" data-element_type=\"widget\" data-e-type=\"widget\" data-widget_type=\"heading.default\">\n\t\t\t\t<div class=\"elementor-widget-container\">\n\t\t\t\t\t<h5 class=\"elementor-heading-title elementor-size-default\">Traitement des donn\u00e9es personnelles<\/h5>\t\t\t\t<\/div>\n\t\t\t\t<\/div>\n\t\t\t\t<div class=\"elementor-element elementor-element-a0ce506 elementor-widget elementor-widget-text-editor\" data-id=\"a0ce506\" data-element_type=\"widget\" data-e-type=\"widget\" data-widget_type=\"text-editor.default\">\n\t\t\t\t<div class=\"elementor-widget-container\">\n\t\t\t\t\t\t\t\t\t<p>Nous faisons des efforts raisonnables pour prot\u00e9ger les informations personnelles des Utilisateurs, mais aucune entreprise, y compris notre SOCI\u00c9T\u00c9, ne peut \u00e9liminer compl\u00e8tement les risques de s\u00e9curit\u00e9 li\u00e9s au traitement des informations sur Internet. Par exemple, les informations personnelles de nos Utilisateurs peuvent \u00eatre affect\u00e9es par des actes ind\u00e9pendants de notre volont\u00e9, tels que le \u00ab piratage informatique \u00bb et le vol physique. L\u2019Utilisateur reconna\u00eet qu\u2019il fournit ses informations personnelles \u00e0 ses propres risques.<\/p>\t\t\t\t\t\t\t\t<\/div>\n\t\t\t\t<\/div>\n\t\t\t\t\t<\/div>\n\t\t<\/div>\n\t\t\t\t\t<\/div>\n\t\t<\/section>\n\t\t\t\t<\/div>","protected":false},"excerpt":{"rendered":"<p>Politique de confidentialit\u00e9 Gestion des cookies En utilisant notre site, vous d\u00e9clarez explicitement avoir lu la politique de confidentialit\u00e9 de H\u00f4tel Alcantara, vous informant ainsi du traitement de vos donn\u00e9es personnelles selon les modalit\u00e9s et principes d\u00e9crits ici. Notre site utilise des cookies afin d\u2019am\u00e9liorer les fonctionnalit\u00e9s qu\u2019il propose. Les cookies sont des donn\u00e9es qui [&hellip;]<\/p>\n","protected":false},"author":2,"featured_media":8597,"parent":0,"menu_order":0,"comment_status":"closed","ping_status":"closed","template":"","meta":{"footnotes":""},"class_list":["post-8822","page","type-page","status-publish","has-post-thumbnail","hentry"],"yoast_head":"<!-- This site is optimized with the Yoast SEO plugin v27.4 - https:\/\/yoast.com\/product\/yoast-seo-wordpress\/ -->\n<title>Politique de confidentialit\u00e9 | H\u00f4tel Alcantara situ\u00e9 \u00e0 Tournai<\/title>\n<meta name=\"robots\" content=\"index, follow, max-snippet:-1, max-image-preview:large, max-video-preview:-1\" \/>\n<link rel=\"canonical\" href=\"https:\/\/hotelalcantara.be\/en\/politique-de-confidentialite\/\" \/>\n<meta property=\"og:locale\" content=\"en_US\" \/>\n<meta property=\"og:type\" content=\"article\" \/>\n<meta property=\"og:title\" content=\"Politique de confidentialit\u00e9 | H\u00f4tel Alcantara situ\u00e9 \u00e0 Tournai\" \/>\n<meta property=\"og:description\" content=\"Politique de confidentialit\u00e9 Gestion des cookies En utilisant notre site, vous d\u00e9clarez explicitement avoir lu la politique de confidentialit\u00e9 de H\u00f4tel Alcantara, vous informant ainsi du traitement de vos donn\u00e9es personnelles selon les modalit\u00e9s et principes d\u00e9crits ici. Notre site utilise des cookies afin d\u2019am\u00e9liorer les fonctionnalit\u00e9s qu\u2019il propose. Les cookies sont des donn\u00e9es qui [&hellip;]\" \/>\n<meta property=\"og:url\" content=\"https:\/\/hotelalcantara.be\/en\/politique-de-confidentialite\/\" \/>\n<meta property=\"og:site_name\" content=\"Alcantara\" \/>\n<meta property=\"article:modified_time\" content=\"2024-01-18T09:44:58+00:00\" \/>\n<meta property=\"og:image\" content=\"http:\/\/hotelalcantara.be\/wp-content\/uploads\/2024\/01\/page_hotel.jpg\" \/>\n\t<meta property=\"og:image:width\" content=\"1024\" \/>\n\t<meta property=\"og:image:height\" content=\"976\" \/>\n\t<meta property=\"og:image:type\" content=\"image\/jpeg\" \/>\n<meta name=\"twitter:card\" content=\"summary_large_image\" \/>\n<meta name=\"twitter:label1\" content=\"Est. reading time\" \/>\n\t<meta name=\"twitter:data1\" content=\"3 minutes\" \/>\n<script type=\"application\/ld+json\" class=\"yoast-schema-graph\">{\"@context\":\"https:\\\/\\\/schema.org\",\"@graph\":[{\"@type\":\"WebPage\",\"@id\":\"https:\\\/\\\/hotelalcantara.be\\\/politique-de-confidentialite\\\/\",\"url\":\"https:\\\/\\\/hotelalcantara.be\\\/politique-de-confidentialite\\\/\",\"name\":\"Politique de confidentialit\u00e9 | H\u00f4tel Alcantara situ\u00e9 \u00e0 Tournai\",\"isPartOf\":{\"@id\":\"https:\\\/\\\/hotelalcantara.be\\\/#website\"},\"primaryImageOfPage\":{\"@id\":\"https:\\\/\\\/hotelalcantara.be\\\/politique-de-confidentialite\\\/#primaryimage\"},\"image\":{\"@id\":\"https:\\\/\\\/hotelalcantara.be\\\/politique-de-confidentialite\\\/#primaryimage\"},\"thumbnailUrl\":\"https:\\\/\\\/hotelalcantara.be\\\/wp-content\\\/uploads\\\/2024\\\/01\\\/page_hotel.jpg\",\"datePublished\":\"2024-01-18T09:37:21+00:00\",\"dateModified\":\"2024-01-18T09:44:58+00:00\",\"breadcrumb\":{\"@id\":\"https:\\\/\\\/hotelalcantara.be\\\/politique-de-confidentialite\\\/#breadcrumb\"},\"inLanguage\":\"en-US\",\"potentialAction\":[{\"@type\":\"ReadAction\",\"target\":[\"https:\\\/\\\/hotelalcantara.be\\\/politique-de-confidentialite\\\/\"]}]},{\"@type\":\"ImageObject\",\"inLanguage\":\"en-US\",\"@id\":\"https:\\\/\\\/hotelalcantara.be\\\/politique-de-confidentialite\\\/#primaryimage\",\"url\":\"https:\\\/\\\/hotelalcantara.be\\\/wp-content\\\/uploads\\\/2024\\\/01\\\/page_hotel.jpg\",\"contentUrl\":\"https:\\\/\\\/hotelalcantara.be\\\/wp-content\\\/uploads\\\/2024\\\/01\\\/page_hotel.jpg\",\"width\":1024,\"height\":976},{\"@type\":\"BreadcrumbList\",\"@id\":\"https:\\\/\\\/hotelalcantara.be\\\/politique-de-confidentialite\\\/#breadcrumb\",\"itemListElement\":[{\"@type\":\"ListItem\",\"position\":1,\"name\":\"Accueil\",\"item\":\"https:\\\/\\\/hotelalcantara.be\\\/\"},{\"@type\":\"ListItem\",\"position\":2,\"name\":\"Politique de confidentialit\u00e9\"}]},{\"@type\":\"WebSite\",\"@id\":\"https:\\\/\\\/hotelalcantara.be\\\/#website\",\"url\":\"https:\\\/\\\/hotelalcantara.be\\\/\",\"name\":\"Alcantara\",\"description\":\"Un h\u00f4tel unique au c\u0153ur de la ville de Tournai\",\"publisher\":{\"@id\":\"https:\\\/\\\/hotelalcantara.be\\\/#organization\"},\"potentialAction\":[{\"@type\":\"SearchAction\",\"target\":{\"@type\":\"EntryPoint\",\"urlTemplate\":\"https:\\\/\\\/hotelalcantara.be\\\/?s={search_term_string}\"},\"query-input\":{\"@type\":\"PropertyValueSpecification\",\"valueRequired\":true,\"valueName\":\"search_term_string\"}}],\"inLanguage\":\"en-US\"},{\"@type\":\"Organization\",\"@id\":\"https:\\\/\\\/hotelalcantara.be\\\/#organization\",\"name\":\"Alcantara\",\"url\":\"https:\\\/\\\/hotelalcantara.be\\\/\",\"logo\":{\"@type\":\"ImageObject\",\"inLanguage\":\"en-US\",\"@id\":\"https:\\\/\\\/hotelalcantara.be\\\/#\\\/schema\\\/logo\\\/image\\\/\",\"url\":\"https:\\\/\\\/hotelalcantara.be\\\/wp-content\\\/uploads\\\/2023\\\/11\\\/cropped-Alcantara2.png\",\"contentUrl\":\"https:\\\/\\\/hotelalcantara.be\\\/wp-content\\\/uploads\\\/2023\\\/11\\\/cropped-Alcantara2.png\",\"width\":512,\"height\":512,\"caption\":\"Alcantara\"},\"image\":{\"@id\":\"https:\\\/\\\/hotelalcantara.be\\\/#\\\/schema\\\/logo\\\/image\\\/\"}}]}<\/script>\n<!-- \/ Yoast SEO plugin. -->","yoast_head_json":{"title":"Politique de confidentialit\u00e9 | H\u00f4tel Alcantara situ\u00e9 \u00e0 Tournai","robots":{"index":"index","follow":"follow","max-snippet":"max-snippet:-1","max-image-preview":"max-image-preview:large","max-video-preview":"max-video-preview:-1"},"canonical":"https:\/\/hotelalcantara.be\/en\/politique-de-confidentialite\/","og_locale":"en_US","og_type":"article","og_title":"Politique de confidentialit\u00e9 | H\u00f4tel Alcantara situ\u00e9 \u00e0 Tournai","og_description":"Politique de confidentialit\u00e9 Gestion des cookies En utilisant notre site, vous d\u00e9clarez explicitement avoir lu la politique de confidentialit\u00e9 de H\u00f4tel Alcantara, vous informant ainsi du traitement de vos donn\u00e9es personnelles selon les modalit\u00e9s et principes d\u00e9crits ici. Notre site utilise des cookies afin d\u2019am\u00e9liorer les fonctionnalit\u00e9s qu\u2019il propose. Les cookies sont des donn\u00e9es qui [&hellip;]","og_url":"https:\/\/hotelalcantara.be\/en\/politique-de-confidentialite\/","og_site_name":"Alcantara","article_modified_time":"2024-01-18T09:44:58+00:00","og_image":[{"width":1024,"height":976,"url":"http:\/\/hotelalcantara.be\/wp-content\/uploads\/2024\/01\/page_hotel.jpg","type":"image\/jpeg"}],"twitter_card":"summary_large_image","twitter_misc":{"Est. reading time":"3 minutes"},"schema":{"@context":"https:\/\/schema.org","@graph":[{"@type":"WebPage","@id":"https:\/\/hotelalcantara.be\/politique-de-confidentialite\/","url":"https:\/\/hotelalcantara.be\/politique-de-confidentialite\/","name":"Politique de confidentialit\u00e9 | H\u00f4tel Alcantara situ\u00e9 \u00e0 Tournai","isPartOf":{"@id":"https:\/\/hotelalcantara.be\/#website"},"primaryImageOfPage":{"@id":"https:\/\/hotelalcantara.be\/politique-de-confidentialite\/#primaryimage"},"image":{"@id":"https:\/\/hotelalcantara.be\/politique-de-confidentialite\/#primaryimage"},"thumbnailUrl":"https:\/\/hotelalcantara.be\/wp-content\/uploads\/2024\/01\/page_hotel.jpg","datePublished":"2024-01-18T09:37:21+00:00","dateModified":"2024-01-18T09:44:58+00:00","breadcrumb":{"@id":"https:\/\/hotelalcantara.be\/politique-de-confidentialite\/#breadcrumb"},"inLanguage":"en-US","potentialAction":[{"@type":"ReadAction","target":["https:\/\/hotelalcantara.be\/politique-de-confidentialite\/"]}]},{"@type":"ImageObject","inLanguage":"en-US","@id":"https:\/\/hotelalcantara.be\/politique-de-confidentialite\/#primaryimage","url":"https:\/\/hotelalcantara.be\/wp-content\/uploads\/2024\/01\/page_hotel.jpg","contentUrl":"https:\/\/hotelalcantara.be\/wp-content\/uploads\/2024\/01\/page_hotel.jpg","width":1024,"height":976},{"@type":"BreadcrumbList","@id":"https:\/\/hotelalcantara.be\/politique-de-confidentialite\/#breadcrumb","itemListElement":[{"@type":"ListItem","position":1,"name":"Accueil","item":"https:\/\/hotelalcantara.be\/"},{"@type":"ListItem","position":2,"name":"Politique de confidentialit\u00e9"}]},{"@type":"WebSite","@id":"https:\/\/hotelalcantara.be\/#website","url":"https:\/\/hotelalcantara.be\/","name":"Alcantara","description":"Un h\u00f4tel unique au c\u0153ur de la ville de Tournai","publisher":{"@id":"https:\/\/hotelalcantara.be\/#organization"},"potentialAction":[{"@type":"SearchAction","target":{"@type":"EntryPoint","urlTemplate":"https:\/\/hotelalcantara.be\/?s={search_term_string}"},"query-input":{"@type":"PropertyValueSpecification","valueRequired":true,"valueName":"search_term_string"}}],"inLanguage":"en-US"},{"@type":"Organization","@id":"https:\/\/hotelalcantara.be\/#organization","name":"Alcantara","url":"https:\/\/hotelalcantara.be\/","logo":{"@type":"ImageObject","inLanguage":"en-US","@id":"https:\/\/hotelalcantara.be\/#\/schema\/logo\/image\/","url":"https:\/\/hotelalcantara.be\/wp-content\/uploads\/2023\/11\/cropped-Alcantara2.png","contentUrl":"https:\/\/hotelalcantara.be\/wp-content\/uploads\/2023\/11\/cropped-Alcantara2.png","width":512,"height":512,"caption":"Alcantara"},"image":{"@id":"https:\/\/hotelalcantara.be\/#\/schema\/logo\/image\/"}}]}},"_links":{"self":[{"href":"https:\/\/hotelalcantara.be\/en\/wp-json\/wp\/v2\/pages\/8822","targetHints":{"allow":["GET"]}}],"collection":[{"href":"https:\/\/hotelalcantara.be\/en\/wp-json\/wp\/v2\/pages"}],"about":[{"href":"https:\/\/hotelalcantara.be\/en\/wp-json\/wp\/v2\/types\/page"}],"author":[{"embeddable":true,"href":"https:\/\/hotelalcantara.be\/en\/wp-json\/wp\/v2\/users\/2"}],"replies":[{"embeddable":true,"href":"https:\/\/hotelalcantara.be\/en\/wp-json\/wp\/v2\/comments?post=8822"}],"version-history":[{"count":7,"href":"https:\/\/hotelalcantara.be\/en\/wp-json\/wp\/v2\/pages\/8822\/revisions"}],"predecessor-version":[{"id":8830,"href":"https:\/\/hotelalcantara.be\/en\/wp-json\/wp\/v2\/pages\/8822\/revisions\/8830"}],"wp:featuredmedia":[{"embeddable":true,"href":"https:\/\/hotelalcantara.be\/en\/wp-json\/wp\/v2\/media\/8597"}],"wp:attachment":[{"href":"https:\/\/hotelalcantara.be\/en\/wp-json\/wp\/v2\/media?parent=8822"}],"curies":[{"name":"wp","href":"https:\/\/api.w.org\/{rel}","templated":true}]}}